{"id":1129,"date":"2024-05-02T20:08:50","date_gmt":"2024-05-02T20:08:50","guid":{"rendered":"https:\/\/helpee.com\/?page_id=1129"},"modified":"2025-09-30T23:03:23","modified_gmt":"2025-09-30T22:03:23","slug":"kontakt","status":"publish","type":"page","link":"https:\/\/helpee.com\/pl\/kontakt\/","title":{"rendered":"Skontaktuj si\u0119 z nami"},"content":{"rendered":"\n<div class=\"wp-block-group is-nowrap is-layout-flex wp-container-core-group-is-layout-1 wp-block-group-is-layout-flex\">\n<h1 class=\"wp-block-heading\"><strong>Kontakt oraz dojazd<\/strong><\/h1>\n\n\n\n<div aria-hidden=\"true\" class=\"wp-block-spacer wp-container-content-1\"><\/div>\n\n\n<div class=\"addtoany_shortcode\"><div class=\"a2a_kit a2a_kit_size_32 addtoany_list\" data-a2a-url=\"https:\/\/helpee.com\/pl\/kontakt\/\" data-a2a-title=\"Skontaktuj si\u0119 z nami\"><a class=\"a2a_dd addtoany_share_save addtoany_share\" href=\"https:\/\/www.addtoany.com\/share\"><img decoding=\"async\" src=\"http:\/\/helpee.com\/wp-content\/uploads\/2024\/04\/share-icon.png\" alt=\"Share\"><\/a><\/div><\/div>\n<\/div>\n\n\n\n<hr style=\"height:1px;\" class=\"wp-block-separator has-text-color has-quaternary-color has-alpha-channel-opacity has-quaternary-background-color has-background is-style-wide-thin-line\"\/>\n\n\n\n<div style=\"height:15px\" aria-hidden=\"true\" class=\"wp-block-spacer\"><\/div>\n\n\n\n<div class=\"wp-block-columns tw-cols-stack-md is-layout-flex wp-container-core-columns-is-layout-1 wp-block-columns-is-layout-flex\">\n<div class=\"wp-block-column is-layout-flow wp-container-core-column-is-layout-1 wp-block-column-is-layout-flow\" style=\"--col-width:40%;padding-right:var(--wp--preset--spacing--small);flex-basis:40%\">\n<p class=\"has-base-font-size\"><strong>Poni\u017cej znajdziesz dane kontaktowe i adresowe do siedziby naszego Centrum Psychoterapii oraz <a href=\"#dojazd\">dodatkowe wskaz\u00f3wki<\/a>. <\/strong><\/p>\n\n\n\n<div style=\"height:10px\" aria-hidden=\"true\" class=\"wp-block-spacer\"><\/div>\n\n\n\n<h4 class=\"wp-block-heading\"><strong>Kontakt z recepcj\u0105 Helpee<\/strong><\/h4>\n\n\n\n<p>Telefon: +44 7512 707701<br>email: info@helpee.com<\/p>\n\n\n\n<div class=\"wp-block-buttons is-content-justification-left is-layout-flex wp-container-core-buttons-is-layout-1 wp-block-buttons-is-layout-flex\" style=\"margin-top:var(--wp--preset--spacing--medium);margin-bottom:var(--wp--preset--spacing--medium)\">\n<div class=\"wp-block-button\"><a class=\"wp-block-button__link wp-element-button\" href=\"tel:+447512707701\">Zadzwo\u0144<\/a><\/div>\n\n\n\n<div class=\"wp-block-button\"><a class=\"wp-block-button__link wp-element-button\" href=\"https:\/\/wa.me\/+447512707701\">WhatsApp<\/a><\/div>\n\n\n\n<div class=\"wp-block-button\"><a class=\"wp-block-button__link wp-element-button\" href=\"mailto:info@helpee.com\">Email<\/a><\/div>\n<\/div>\n\n\n\n<h4 class=\"wp-block-heading\"><strong>Godziny pracy recepcji<\/strong><\/h4>\n\n\n\n<p>Recepcja czynna jest w godzinach:<br>poniedzia\u0142ek-pi\u0105tek od 10:00 do 19:00<br>sobota od 10:00 do 17:00<br>niedziela recepcja nieczynna<\/p>\n\n\n\n<h4 class=\"wp-block-heading\"><strong>Adres siedziby Helpee<\/strong><\/h4>\n\n\n\n<p>Helpee Ltd<br>136 Sandon Road<br>Birmingham (Smethwick)<br>B66 4AB<\/p>\n<\/div>\n\n\n\n<div class=\"wp-block-column is-layout-flow wp-block-column-is-layout-flow\" style=\"--col-width:60%;padding-top:var(--wp--preset--spacing--x-small);flex-basis:60%\"><div class=\"su-gmap su-u-responsive-media-yes\"><iframe loading=\"lazy\" width=\"600\" height=\"400\" src=\"\/\/maps.google.com\/maps?q=Centrum%20Psychoterapii%20Helpee%2C%20136%20Sandon%20Road%2C%20B664AB&amp;output=embed&amp;z=15\" title=\"Mapa dojazdu do siedziby Helpee - Centrum Psychoterapii\"><\/iframe><\/div>\n<\/div>\n<\/div>\n\n\n\n<div style=\"height:20px\" aria-hidden=\"true\" class=\"wp-block-spacer\"><\/div>\n\n\n\n<h2 class=\"wp-block-heading\" id=\"dojazd\">Dojazd oraz parkowanie<\/h2>\n\n\n\n<hr style=\"height:1px;\" class=\"wp-block-separator has-text-color has-quaternary-color has-alpha-channel-opacity has-quaternary-background-color has-background is-style-wide-thin-line\"\/>\n\n\n\n<div style=\"height:15px\" aria-hidden=\"true\" class=\"wp-block-spacer\"><\/div>\n\n\n\n<div class=\"wp-block-columns tw-cols-stack-md is-layout-flex wp-container-core-columns-is-layout-2 wp-block-columns-is-layout-flex\">\n<div class=\"wp-block-column is-layout-flow wp-container-core-column-is-layout-3 wp-block-column-is-layout-flow\" style=\"--col-width:40%;padding-right:var(--wp--preset--spacing--small);padding-left:0;flex-basis:40%\">\n<p>Siedziba Helpee znajduje si\u0119 10-20 minut jazdy samochodem z centrum Birmingham, kilkana\u015bcie minut z West Bromwich, kilka minut z centrum Smethwick, 10 minut od zjazdu z autostrady M5 (junction 3), 7 minut spacerem od Hagley Road, plus jest wiele linii autobusowych kt\u00f3rymi mo\u017cna do nas dojecha\u0107.<\/p>\n\n\n\n<h4 class=\"wp-block-heading\"><strong>Gdzie zaparkowa\u0107?<\/strong><\/h4>\n\n\n\n<p>Niestety nie mamy w\u0142asnego parkingu. W najbli\u017cszej okolicy znajduje si\u0119 jednak wiele miejsc parkingowych z ograniczeniami czasowymi oraz zupe\u0142nie bez ogranicze\u0144. Bez ogranicze\u0144 mo\u017cesz parkowa\u0107 na Willow Ave, Poplar Ave oraz wi\u0119kszej cz\u0119\u015bci Sandon Road. Mo\u017cna r\u00f3wnie\u017c zaparkowa\u0107 na parkingu Aldi (postcode B66 4AE), kt\u00f3ry jest bezp\u0142atny dla klient\u00f3w do 90 minut. Polecamy parkowanie na ulicy Willow Avenue (postcode B17 8HD) gdzie zawsze mo\u017cna znale\u017a\u0107 wolne miejsce do zaparkowania a doj\u015bcie do nas zajmuje 2-3 minuty (zobacz na mapie). Prosimy uwa\u017ca\u0107 na niekt\u00f3re ulice z oznaczeniami, \u017ce parkowanie wy\u0142\u0105cznie dla mieszka\u0144c\u00f3w. <\/p>\n<\/div>\n\n\n\n<div class=\"wp-block-column is-layout-flow wp-block-column-is-layout-flow\" style=\"--col-width:60%;padding-top:var(--wp--preset--spacing--x-small);flex-basis:60%\">\n<iframe loading=\"lazy\" style=\"border: 0;\" src=\"https:\/\/www.google.com\/maps\/embed?pb=!1m26!1m12!1m3!1d1215.0688524412415!2d-1.9696511718529273!3d52.47664237133199!2m3!1f0!2f0!3f0!3m2!1i1024!2i768!4f13.1!4m11!3e6!4m3!3m2!1d52.477125099999995!2d-1.9677291!4m5!1s0x4870bd79dd47e249%3A0x1cf9160d3c0368f8!2sCentrum+Psychoterpii+Helpee%2C+Harvest+House%2C+136+Sandon+Rd%2C+Smethwick+B66+4AB!3m2!1d52.4767592!2d-1.9693383999999998!5e0!3m2!1spl!2suk!4v1487419943609\" width=\"100%\" height=\"100%\" frameborder=\"0\" allowfullscreen=\"allowfullscreen\"><\/iframe>\n<\/div>\n<\/div>\n\n\n\n<div style=\"height:30px\" aria-hidden=\"true\" class=\"wp-block-spacer\"><\/div>\n","protected":false},"excerpt":{"rendered":"<p>Kontakt oraz dojazd Poni\u017cej znajdziesz dane kontaktowe i adresowe do siedziby naszego Centrum Psychoterapii oraz dodatkowe wskaz\u00f3wki. Kontakt z recepcj\u0105 Helpee Telefon: +44 7512 707701email: info@helpee.com Godziny pracy recepcji Recepcja czynna jest w godzinach:poniedzia\u0142ek-pi\u0105tek od 10:00 do 19:00sobota od 10:00 do 17:00niedziela recepcja nieczynna Adres siedziby Helpee Helpee Ltd136 Sandon RoadBirmingham (Smethwick)B66 4AB Dojazd oraz [&hellip;]<\/p>\n","protected":false},"author":1,"featured_media":0,"parent":0,"menu_order":0,"comment_status":"closed","ping_status":"closed","template":"","meta":{"footnotes":""},"class_list":["post-1129","page","type-page","status-publish","hentry"],"yoast_head":"<!-- This site is optimized with the Yoast SEO plugin v23.9 - https:\/\/yoast.com\/wordpress\/plugins\/seo\/ -->\n<title>Skontaktuj si\u0119 z nami - Helpee<\/title>\n<meta name=\"description\" content=\"Pod poni\u017cszym linkiem znajdziesz dane kontaktowe i adresowe do siedziby naszego Centrum Psychoterapii Helpee wraz z map\u0105 dojazdu.\" \/>\n<meta name=\"robots\" content=\"index, follow, max-snippet:-1, max-image-preview:large, max-video-preview:-1\" \/>\n<link rel=\"canonical\" href=\"https:\/\/helpee.com\/pl\/kontakt\/\" \/>\n<meta property=\"og:locale\" content=\"pl_PL\" \/>\n<meta property=\"og:type\" content=\"article\" \/>\n<meta property=\"og:title\" content=\"Skontaktuj si\u0119 z nami - Helpee\" \/>\n<meta property=\"og:description\" content=\"Pod poni\u017cszym linkiem znajdziesz dane kontaktowe i adresowe do siedziby naszego Centrum Psychoterapii Helpee wraz z map\u0105 dojazdu.\" \/>\n<meta property=\"og:url\" content=\"https:\/\/helpee.com\/pl\/kontakt\/\" \/>\n<meta property=\"og:site_name\" content=\"Helpee\" \/>\n<meta property=\"article:modified_time\" content=\"2025-09-30T22:03:23+00:00\" \/>\n<meta property=\"og:image\" content=\"https:\/\/helpee.com\/wp-content\/uploads\/2024\/09\/helpee-ikona.png\" \/>\n\t<meta property=\"og:image:width\" content=\"256\" \/>\n\t<meta property=\"og:image:height\" content=\"256\" \/>\n\t<meta property=\"og:image:type\" content=\"image\/png\" \/>\n<meta name=\"twitter:card\" content=\"summary_large_image\" \/>\n<meta name=\"twitter:label1\" content=\"Szacowany czas czytania\" \/>\n\t<meta name=\"twitter:data1\" content=\"2 minuty\" \/>\n<script type=\"application\/ld+json\" class=\"yoast-schema-graph\">{\"@context\":\"https:\/\/schema.org\",\"@graph\":[{\"@type\":\"WebPage\",\"@id\":\"https:\/\/helpee.com\/pl\/kontakt\/\",\"url\":\"https:\/\/helpee.com\/pl\/kontakt\/\",\"name\":\"Skontaktuj si\u0119 z nami - Helpee\",\"isPartOf\":{\"@id\":\"https:\/\/helpee.com\/pl\/#website\"},\"datePublished\":\"2024-05-02T20:08:50+00:00\",\"dateModified\":\"2025-09-30T22:03:23+00:00\",\"description\":\"Pod poni\u017cszym linkiem znajdziesz dane kontaktowe i adresowe do siedziby naszego Centrum Psychoterapii Helpee wraz z map\u0105 dojazdu.\",\"breadcrumb\":{\"@id\":\"https:\/\/helpee.com\/pl\/kontakt\/#breadcrumb\"},\"inLanguage\":\"pl-PL\",\"potentialAction\":[{\"@type\":\"ReadAction\",\"target\":[\"https:\/\/helpee.com\/pl\/kontakt\/\"]}]},{\"@type\":\"BreadcrumbList\",\"@id\":\"https:\/\/helpee.com\/pl\/kontakt\/#breadcrumb\",\"itemListElement\":[{\"@type\":\"ListItem\",\"position\":1,\"name\":\"Strona g\u0142\u00f3wna\",\"item\":\"https:\/\/helpee.com\/pl\/\"},{\"@type\":\"ListItem\",\"position\":2,\"name\":\"Skontaktuj si\u0119 z nami\"}]},{\"@type\":\"WebSite\",\"@id\":\"https:\/\/helpee.com\/pl\/#website\",\"url\":\"https:\/\/helpee.com\/pl\/\",\"name\":\"Helpee\",\"description\":\"Centrum Psychoterapii\",\"publisher\":{\"@id\":\"https:\/\/helpee.com\/pl\/#organization\"},\"potentialAction\":[{\"@type\":\"SearchAction\",\"target\":{\"@type\":\"EntryPoint\",\"urlTemplate\":\"https:\/\/helpee.com\/pl\/?s={search_term_string}\"},\"query-input\":{\"@type\":\"PropertyValueSpecification\",\"valueRequired\":true,\"valueName\":\"search_term_string\"}}],\"inLanguage\":\"pl-PL\"},{\"@type\":\"Organization\",\"@id\":\"https:\/\/helpee.com\/pl\/#organization\",\"name\":\"Helpee\",\"url\":\"https:\/\/helpee.com\/pl\/\",\"logo\":{\"@type\":\"ImageObject\",\"inLanguage\":\"pl-PL\",\"@id\":\"https:\/\/helpee.com\/pl\/#\/schema\/logo\/image\/\",\"url\":\"https:\/\/helpee.com\/wp-content\/uploads\/2024\/07\/helpee-logo.png\",\"contentUrl\":\"https:\/\/helpee.com\/wp-content\/uploads\/2024\/07\/helpee-logo.png\",\"width\":800,\"height\":260,\"caption\":\"Helpee\"},\"image\":{\"@id\":\"https:\/\/helpee.com\/pl\/#\/schema\/logo\/image\/\"}}]}<\/script>\n<!-- \/ Yoast SEO plugin. -->","yoast_head_json":{"title":"Skontaktuj si\u0119 z nami - Helpee","description":"Pod poni\u017cszym linkiem znajdziesz dane kontaktowe i adresowe do siedziby naszego Centrum Psychoterapii Helpee wraz z map\u0105 dojazdu.","robots":{"index":"index","follow":"follow","max-snippet":"max-snippet:-1","max-image-preview":"max-image-preview:large","max-video-preview":"max-video-preview:-1"},"canonical":"https:\/\/helpee.com\/pl\/kontakt\/","og_locale":"pl_PL","og_type":"article","og_title":"Skontaktuj si\u0119 z nami - Helpee","og_description":"Pod poni\u017cszym linkiem znajdziesz dane kontaktowe i adresowe do siedziby naszego Centrum Psychoterapii Helpee wraz z map\u0105 dojazdu.","og_url":"https:\/\/helpee.com\/pl\/kontakt\/","og_site_name":"Helpee","article_modified_time":"2025-09-30T22:03:23+00:00","og_image":[{"width":256,"height":256,"url":"https:\/\/helpee.com\/wp-content\/uploads\/2024\/09\/helpee-ikona.png","type":"image\/png"}],"twitter_card":"summary_large_image","twitter_misc":{"Szacowany czas czytania":"2 minuty"},"schema":{"@context":"https:\/\/schema.org","@graph":[{"@type":"WebPage","@id":"https:\/\/helpee.com\/pl\/kontakt\/","url":"https:\/\/helpee.com\/pl\/kontakt\/","name":"Skontaktuj si\u0119 z nami - Helpee","isPartOf":{"@id":"https:\/\/helpee.com\/pl\/#website"},"datePublished":"2024-05-02T20:08:50+00:00","dateModified":"2025-09-30T22:03:23+00:00","description":"Pod poni\u017cszym linkiem znajdziesz dane kontaktowe i adresowe do siedziby naszego Centrum Psychoterapii Helpee wraz z map\u0105 dojazdu.","breadcrumb":{"@id":"https:\/\/helpee.com\/pl\/kontakt\/#breadcrumb"},"inLanguage":"pl-PL","potentialAction":[{"@type":"ReadAction","target":["https:\/\/helpee.com\/pl\/kontakt\/"]}]},{"@type":"BreadcrumbList","@id":"https:\/\/helpee.com\/pl\/kontakt\/#breadcrumb","itemListElement":[{"@type":"ListItem","position":1,"name":"Strona g\u0142\u00f3wna","item":"https:\/\/helpee.com\/pl\/"},{"@type":"ListItem","position":2,"name":"Skontaktuj si\u0119 z nami"}]},{"@type":"WebSite","@id":"https:\/\/helpee.com\/pl\/#website","url":"https:\/\/helpee.com\/pl\/","name":"Helpee","description":"Centrum Psychoterapii","publisher":{"@id":"https:\/\/helpee.com\/pl\/#organization"},"potentialAction":[{"@type":"SearchAction","target":{"@type":"EntryPoint","urlTemplate":"https:\/\/helpee.com\/pl\/?s={search_term_string}"},"query-input":{"@type":"PropertyValueSpecification","valueRequired":true,"valueName":"search_term_string"}}],"inLanguage":"pl-PL"},{"@type":"Organization","@id":"https:\/\/helpee.com\/pl\/#organization","name":"Helpee","url":"https:\/\/helpee.com\/pl\/","logo":{"@type":"ImageObject","inLanguage":"pl-PL","@id":"https:\/\/helpee.com\/pl\/#\/schema\/logo\/image\/","url":"https:\/\/helpee.com\/wp-content\/uploads\/2024\/07\/helpee-logo.png","contentUrl":"https:\/\/helpee.com\/wp-content\/uploads\/2024\/07\/helpee-logo.png","width":800,"height":260,"caption":"Helpee"},"image":{"@id":"https:\/\/helpee.com\/pl\/#\/schema\/logo\/image\/"}}]}},"_links":{"self":[{"href":"https:\/\/helpee.com\/pl\/wp-json\/wp\/v2\/pages\/1129"}],"collection":[{"href":"https:\/\/helpee.com\/pl\/wp-json\/wp\/v2\/pages"}],"about":[{"href":"https:\/\/helpee.com\/pl\/wp-json\/wp\/v2\/types\/page"}],"author":[{"embeddable":true,"href":"https:\/\/helpee.com\/pl\/wp-json\/wp\/v2\/users\/1"}],"replies":[{"embeddable":true,"href":"https:\/\/helpee.com\/pl\/wp-json\/wp\/v2\/comments?post=1129"}],"version-history":[{"count":70,"href":"https:\/\/helpee.com\/pl\/wp-json\/wp\/v2\/pages\/1129\/revisions"}],"predecessor-version":[{"id":3957,"href":"https:\/\/helpee.com\/pl\/wp-json\/wp\/v2\/pages\/1129\/revisions\/3957"}],"wp:attachment":[{"href":"https:\/\/helpee.com\/pl\/wp-json\/wp\/v2\/media?parent=1129"}],"curies":[{"name":"wp","href":"https:\/\/api.w.org\/{rel}","templated":true}]}}