{"id":1974,"date":"2024-08-22T09:04:11","date_gmt":"2024-08-22T09:04:11","guid":{"rendered":"https:\/\/helpee.com\/?page_id=1974"},"modified":"2024-09-26T01:24:14","modified_gmt":"2024-09-26T01:24:14","slug":"umow-wizyte","status":"publish","type":"page","link":"https:\/\/helpee.com\/pl\/terapeuci\/marzena-mrowinska-psychoterapeuta-terapeuta-par\/umow-wizyte\/","title":{"rendered":"Umawianie wizyty z Marzena Mrowi\u0144ska"},"content":{"rendered":"\n<div class=\"wp-block-group is-nowrap is-layout-flex wp-container-core-group-is-layout-1 wp-block-group-is-layout-flex\">\n<h2 class=\"wp-block-heading has-text-align-left has-x-large-font-size\"><strong>Um\u00f3w wizyt\u0119 z Marzena Mrowi\u0144ska<\/strong><\/h2>\n\n\n\n<div aria-hidden=\"true\" class=\"wp-block-spacer wp-container-content-1\"><\/div>\n\n\n<div class=\"addtoany_shortcode\"><div class=\"a2a_kit a2a_kit_size_32 addtoany_list\" data-a2a-url=\"https:\/\/helpee.com\/pl\/terapeuci\/marzena-mrowinska-psychoterapeuta-terapeuta-par\/umow-wizyte\/\" data-a2a-title=\"Umawianie wizyty z Marzena Mrowi\u0144ska\"><a class=\"a2a_dd addtoany_share_save addtoany_share\" href=\"https:\/\/www.addtoany.com\/share\"><img decoding=\"async\" src=\"http:\/\/helpee.com\/wp-content\/uploads\/2024\/04\/share-icon.png\" alt=\"Share\"><\/a><\/div><\/div>\n<\/div>\n\n\n\n<hr style=\"height:1px;\" class=\"wp-block-separator has-text-color has-quaternary-color has-alpha-channel-opacity has-quaternary-background-color has-background is-style-wide-thin-line\"\/>\n\n\n\n<div style=\"height:15px\" aria-hidden=\"true\" class=\"wp-block-spacer\"><\/div>\n\n\n\n<p class=\"has-text-align-center\">Marzena Mrowi\u0144ska przyjmuje osobi\u015bcie w gabinecie w Birmingham oraz online. Aby um\u00f3wi\u0107 wizyt\u0119 skontaktuj si\u0119 z recepcj\u0105 Helpee. <\/p>\n\n\n\n<div style=\"height:10px\" aria-hidden=\"true\" class=\"wp-block-spacer\"><\/div>\n\n\n\n<div class=\"wp-block-group has-global-padding is-layout-constrained wp-container-core-group-is-layout-2 wp-block-group-is-layout-constrained\">\n<p class=\"has-text-align-center has-base-font-size\"><strong>+44 7512 707701<\/strong> \/<strong> info@helpee.com<\/strong><\/p>\n\n\n\n<div class=\"wp-block-buttons is-content-justification-center is-layout-flex wp-container-core-buttons-is-layout-1 wp-block-buttons-is-layout-flex\" style=\"margin-top:var(--wp--preset--spacing--small);margin-bottom:var(--wp--preset--spacing--small)\">\n<div class=\"wp-block-button\"><a class=\"wp-block-button__link wp-element-button\" href=\"tel:+447512707701\">Zadzwo\u0144<\/a><\/div>\n\n\n\n<div class=\"wp-block-button\"><a class=\"wp-block-button__link wp-element-button\" href=\"https:\/\/wa.me\/+447512707701\">WhatsApp<\/a><\/div>\n\n\n\n<div class=\"wp-block-button\"><a class=\"wp-block-button__link wp-element-button\" href=\"mailto:info@helpee.com?subject=Chc\u0119%20um\u00f3wi\u0107%20wizyt\u0119\">Email<\/a><\/div>\n<\/div>\n\n\n\n<p class=\"has-text-align-center\">Mo\u017cesz r\u00f3wnie\u017c spr\u00f3bowa\u0107 zarezerwowa\u0107 sesj\u0119 przez nasz\u0105 aplikacj\u0119. <br>Je\u017celi nie b\u0119dzie wolnych termin\u00f3w lub terminy Ci nie odpowiadaj\u0105 daj nam zna\u0107 a na pewno co\u015b znajdziemy.<\/p>\n<\/div>\n\n\n\n<div class=\"wp-block-buttons is-content-justification-center is-layout-flex wp-container-core-buttons-is-layout-2 wp-block-buttons-is-layout-flex\" style=\"margin-top:var(--wp--preset--spacing--small);margin-bottom:var(--wp--preset--spacing--small)\">\n<div class=\"wp-block-button\"><a class=\"wp-block-button__link wp-element-button\" href=\"https:\/\/helpee.uk\/pl\/helpee-calendar\/1117#\/sessions\">Zarezerwuj online<\/a><\/div>\n<\/div>\n\n\n\n<div style=\"height:30px\" aria-hidden=\"true\" class=\"wp-block-spacer\"><\/div>\n\n\n\n<p class=\"has-text-align-center\"><a href=\"https:\/\/helpee.com\/pl\/terapeuci\/marzena-mrowinska-psychoterapeuta-terapeuta-par\/\">Profil terapeuty Marzena Mrowi\u0144ska<\/a><\/p>\n\n\n\n<div style=\"height:50px\" aria-hidden=\"true\" class=\"wp-block-spacer\"><\/div>\n","protected":false},"excerpt":{"rendered":"<p>Um\u00f3w wizyt\u0119 z Marzena Mrowi\u0144ska Marzena Mrowi\u0144ska przyjmuje osobi\u015bcie w gabinecie w Birmingham oraz online. Aby um\u00f3wi\u0107 wizyt\u0119 skontaktuj si\u0119 z recepcj\u0105 Helpee. Profil terapeuty Marzena Mrowi\u0144ska<\/p>\n","protected":false},"author":1,"featured_media":0,"parent":468,"menu_order":0,"comment_status":"closed","ping_status":"closed","template":"","meta":{"footnotes":""},"class_list":["post-1974","page","type-page","status-publish","hentry"],"yoast_head":"<!-- This site is optimized with the Yoast SEO plugin v23.9 - https:\/\/yoast.com\/wordpress\/plugins\/seo\/ -->\n<title>Umawianie wizyty z Marzena Mrowi\u0144ska - Helpee<\/title>\n<meta name=\"description\" content=\"Marzena Mrowi\u0144ska przyjmuje osobi\u015bcie w gabinecie w Birmingham oraz online. Aby um\u00f3wi\u0107 wizyt\u0119 skontaktuj si\u0119 z recepcj\u0105 Helpee.\" \/>\n<meta name=\"robots\" content=\"index, follow, max-snippet:-1, max-image-preview:large, max-video-preview:-1\" \/>\n<link rel=\"canonical\" href=\"https:\/\/helpee.com\/pl\/terapeuci\/marzena-mrowinska-psychoterapeuta-terapeuta-par\/umow-wizyte\/\" \/>\n<meta property=\"og:locale\" content=\"pl_PL\" \/>\n<meta property=\"og:type\" content=\"article\" \/>\n<meta property=\"og:title\" content=\"Umawianie wizyty z Marzena Mrowi\u0144ska - Helpee\" \/>\n<meta property=\"og:description\" content=\"Marzena Mrowi\u0144ska przyjmuje osobi\u015bcie w gabinecie w Birmingham oraz online. Aby um\u00f3wi\u0107 wizyt\u0119 skontaktuj si\u0119 z recepcj\u0105 Helpee.\" \/>\n<meta property=\"og:url\" content=\"https:\/\/helpee.com\/pl\/terapeuci\/marzena-mrowinska-psychoterapeuta-terapeuta-par\/umow-wizyte\/\" \/>\n<meta property=\"og:site_name\" content=\"Helpee\" \/>\n<meta property=\"article:modified_time\" content=\"2024-09-26T01:24:14+00:00\" \/>\n<meta property=\"og:image\" content=\"https:\/\/helpee.com\/wp-content\/uploads\/2024\/08\/helpee-icon.png\" \/>\n\t<meta property=\"og:image:width\" content=\"256\" \/>\n\t<meta property=\"og:image:height\" content=\"256\" \/>\n\t<meta property=\"og:image:type\" content=\"image\/png\" \/>\n<meta name=\"twitter:card\" content=\"summary_large_image\" \/>\n<meta name=\"twitter:label1\" content=\"Szacowany czas czytania\" \/>\n\t<meta name=\"twitter:data1\" content=\"1 minuta\" \/>\n<script type=\"application\/ld+json\" class=\"yoast-schema-graph\">{\"@context\":\"https:\/\/schema.org\",\"@graph\":[{\"@type\":\"WebPage\",\"@id\":\"https:\/\/helpee.com\/pl\/terapeuci\/marzena-mrowinska-psychoterapeuta-terapeuta-par\/umow-wizyte\/\",\"url\":\"https:\/\/helpee.com\/pl\/terapeuci\/marzena-mrowinska-psychoterapeuta-terapeuta-par\/umow-wizyte\/\",\"name\":\"Umawianie wizyty z Marzena Mrowi\u0144ska - Helpee\",\"isPartOf\":{\"@id\":\"https:\/\/helpee.com\/pl\/#website\"},\"datePublished\":\"2024-08-22T09:04:11+00:00\",\"dateModified\":\"2024-09-26T01:24:14+00:00\",\"description\":\"Marzena Mrowi\u0144ska przyjmuje osobi\u015bcie w gabinecie w Birmingham oraz online. Aby um\u00f3wi\u0107 wizyt\u0119 skontaktuj si\u0119 z recepcj\u0105 Helpee.\",\"breadcrumb\":{\"@id\":\"https:\/\/helpee.com\/pl\/terapeuci\/marzena-mrowinska-psychoterapeuta-terapeuta-par\/umow-wizyte\/#breadcrumb\"},\"inLanguage\":\"pl-PL\",\"potentialAction\":[{\"@type\":\"ReadAction\",\"target\":[\"https:\/\/helpee.com\/pl\/terapeuci\/marzena-mrowinska-psychoterapeuta-terapeuta-par\/umow-wizyte\/\"]}]},{\"@type\":\"BreadcrumbList\",\"@id\":\"https:\/\/helpee.com\/pl\/terapeuci\/marzena-mrowinska-psychoterapeuta-terapeuta-par\/umow-wizyte\/#breadcrumb\",\"itemListElement\":[{\"@type\":\"ListItem\",\"position\":1,\"name\":\"Strona g\u0142\u00f3wna\",\"item\":\"https:\/\/helpee.com\/pl\/\"},{\"@type\":\"ListItem\",\"position\":2,\"name\":\"Lista terapeut\u00f3w\",\"item\":\"https:\/\/helpee.com\/pl\/terapeuci\/\"},{\"@type\":\"ListItem\",\"position\":3,\"name\":\"Marzena Mrowi\u0144ska &#8211; psychoterapeuta, terapeuta par\",\"item\":\"https:\/\/helpee.com\/pl\/terapeuci\/marzena-mrowinska-psychoterapeuta-terapeuta-par\/\"},{\"@type\":\"ListItem\",\"position\":4,\"name\":\"Umawianie wizyty z Marzena Mrowi\u0144ska\"}]},{\"@type\":\"WebSite\",\"@id\":\"https:\/\/helpee.com\/pl\/#website\",\"url\":\"https:\/\/helpee.com\/pl\/\",\"name\":\"Helpee\",\"description\":\"Centrum Psychoterapii\",\"publisher\":{\"@id\":\"https:\/\/helpee.com\/pl\/#organization\"},\"potentialAction\":[{\"@type\":\"SearchAction\",\"target\":{\"@type\":\"EntryPoint\",\"urlTemplate\":\"https:\/\/helpee.com\/pl\/?s={search_term_string}\"},\"query-input\":{\"@type\":\"PropertyValueSpecification\",\"valueRequired\":true,\"valueName\":\"search_term_string\"}}],\"inLanguage\":\"pl-PL\"},{\"@type\":\"Organization\",\"@id\":\"https:\/\/helpee.com\/pl\/#organization\",\"name\":\"Helpee\",\"url\":\"https:\/\/helpee.com\/pl\/\",\"logo\":{\"@type\":\"ImageObject\",\"inLanguage\":\"pl-PL\",\"@id\":\"https:\/\/helpee.com\/pl\/#\/schema\/logo\/image\/\",\"url\":\"https:\/\/helpee.com\/wp-content\/uploads\/2024\/07\/helpee-logo.png\",\"contentUrl\":\"https:\/\/helpee.com\/wp-content\/uploads\/2024\/07\/helpee-logo.png\",\"width\":800,\"height\":260,\"caption\":\"Helpee\"},\"image\":{\"@id\":\"https:\/\/helpee.com\/pl\/#\/schema\/logo\/image\/\"}}]}<\/script>\n<!-- \/ Yoast SEO plugin. -->","yoast_head_json":{"title":"Umawianie wizyty z Marzena Mrowi\u0144ska - Helpee","description":"Marzena Mrowi\u0144ska przyjmuje osobi\u015bcie w gabinecie w Birmingham oraz online. Aby um\u00f3wi\u0107 wizyt\u0119 skontaktuj si\u0119 z recepcj\u0105 Helpee.","robots":{"index":"index","follow":"follow","max-snippet":"max-snippet:-1","max-image-preview":"max-image-preview:large","max-video-preview":"max-video-preview:-1"},"canonical":"https:\/\/helpee.com\/pl\/terapeuci\/marzena-mrowinska-psychoterapeuta-terapeuta-par\/umow-wizyte\/","og_locale":"pl_PL","og_type":"article","og_title":"Umawianie wizyty z Marzena Mrowi\u0144ska - Helpee","og_description":"Marzena Mrowi\u0144ska przyjmuje osobi\u015bcie w gabinecie w Birmingham oraz online. Aby um\u00f3wi\u0107 wizyt\u0119 skontaktuj si\u0119 z recepcj\u0105 Helpee.","og_url":"https:\/\/helpee.com\/pl\/terapeuci\/marzena-mrowinska-psychoterapeuta-terapeuta-par\/umow-wizyte\/","og_site_name":"Helpee","article_modified_time":"2024-09-26T01:24:14+00:00","og_image":[{"width":256,"height":256,"url":"https:\/\/helpee.com\/wp-content\/uploads\/2024\/08\/helpee-icon.png","type":"image\/png"}],"twitter_card":"summary_large_image","twitter_misc":{"Szacowany czas czytania":"1 minuta"},"schema":{"@context":"https:\/\/schema.org","@graph":[{"@type":"WebPage","@id":"https:\/\/helpee.com\/pl\/terapeuci\/marzena-mrowinska-psychoterapeuta-terapeuta-par\/umow-wizyte\/","url":"https:\/\/helpee.com\/pl\/terapeuci\/marzena-mrowinska-psychoterapeuta-terapeuta-par\/umow-wizyte\/","name":"Umawianie wizyty z Marzena Mrowi\u0144ska - Helpee","isPartOf":{"@id":"https:\/\/helpee.com\/pl\/#website"},"datePublished":"2024-08-22T09:04:11+00:00","dateModified":"2024-09-26T01:24:14+00:00","description":"Marzena Mrowi\u0144ska przyjmuje osobi\u015bcie w gabinecie w Birmingham oraz online. Aby um\u00f3wi\u0107 wizyt\u0119 skontaktuj si\u0119 z recepcj\u0105 Helpee.","breadcrumb":{"@id":"https:\/\/helpee.com\/pl\/terapeuci\/marzena-mrowinska-psychoterapeuta-terapeuta-par\/umow-wizyte\/#breadcrumb"},"inLanguage":"pl-PL","potentialAction":[{"@type":"ReadAction","target":["https:\/\/helpee.com\/pl\/terapeuci\/marzena-mrowinska-psychoterapeuta-terapeuta-par\/umow-wizyte\/"]}]},{"@type":"BreadcrumbList","@id":"https:\/\/helpee.com\/pl\/terapeuci\/marzena-mrowinska-psychoterapeuta-terapeuta-par\/umow-wizyte\/#breadcrumb","itemListElement":[{"@type":"ListItem","position":1,"name":"Strona g\u0142\u00f3wna","item":"https:\/\/helpee.com\/pl\/"},{"@type":"ListItem","position":2,"name":"Lista terapeut\u00f3w","item":"https:\/\/helpee.com\/pl\/terapeuci\/"},{"@type":"ListItem","position":3,"name":"Marzena Mrowi\u0144ska &#8211; psychoterapeuta, terapeuta par","item":"https:\/\/helpee.com\/pl\/terapeuci\/marzena-mrowinska-psychoterapeuta-terapeuta-par\/"},{"@type":"ListItem","position":4,"name":"Umawianie wizyty z Marzena Mrowi\u0144ska"}]},{"@type":"WebSite","@id":"https:\/\/helpee.com\/pl\/#website","url":"https:\/\/helpee.com\/pl\/","name":"Helpee","description":"Centrum Psychoterapii","publisher":{"@id":"https:\/\/helpee.com\/pl\/#organization"},"potentialAction":[{"@type":"SearchAction","target":{"@type":"EntryPoint","urlTemplate":"https:\/\/helpee.com\/pl\/?s={search_term_string}"},"query-input":{"@type":"PropertyValueSpecification","valueRequired":true,"valueName":"search_term_string"}}],"inLanguage":"pl-PL"},{"@type":"Organization","@id":"https:\/\/helpee.com\/pl\/#organization","name":"Helpee","url":"https:\/\/helpee.com\/pl\/","logo":{"@type":"ImageObject","inLanguage":"pl-PL","@id":"https:\/\/helpee.com\/pl\/#\/schema\/logo\/image\/","url":"https:\/\/helpee.com\/wp-content\/uploads\/2024\/07\/helpee-logo.png","contentUrl":"https:\/\/helpee.com\/wp-content\/uploads\/2024\/07\/helpee-logo.png","width":800,"height":260,"caption":"Helpee"},"image":{"@id":"https:\/\/helpee.com\/pl\/#\/schema\/logo\/image\/"}}]}},"_links":{"self":[{"href":"https:\/\/helpee.com\/pl\/wp-json\/wp\/v2\/pages\/1974"}],"collection":[{"href":"https:\/\/helpee.com\/pl\/wp-json\/wp\/v2\/pages"}],"about":[{"href":"https:\/\/helpee.com\/pl\/wp-json\/wp\/v2\/types\/page"}],"author":[{"embeddable":true,"href":"https:\/\/helpee.com\/pl\/wp-json\/wp\/v2\/users\/1"}],"replies":[{"embeddable":true,"href":"https:\/\/helpee.com\/pl\/wp-json\/wp\/v2\/comments?post=1974"}],"version-history":[{"count":44,"href":"https:\/\/helpee.com\/pl\/wp-json\/wp\/v2\/pages\/1974\/revisions"}],"predecessor-version":[{"id":3227,"href":"https:\/\/helpee.com\/pl\/wp-json\/wp\/v2\/pages\/1974\/revisions\/3227"}],"up":[{"embeddable":true,"href":"https:\/\/helpee.com\/pl\/wp-json\/wp\/v2\/pages\/468"}],"wp:attachment":[{"href":"https:\/\/helpee.com\/pl\/wp-json\/wp\/v2\/media?parent=1974"}],"curies":[{"name":"wp","href":"https:\/\/api.w.org\/{rel}","templated":true}]}}