{"id":74,"date":"2024-03-14T00:40:07","date_gmt":"2024-03-14T00:40:07","guid":{"rendered":"https:\/\/helpee.com\/?page_id=74"},"modified":"2024-09-26T23:25:12","modified_gmt":"2024-09-26T23:25:12","slug":"o-nas","status":"publish","type":"page","link":"https:\/\/helpee.com\/pl\/o-nas\/","title":{"rendered":"O nas"},"content":{"rendered":"\n<div class=\"wp-block-group is-nowrap is-layout-flex wp-container-core-group-is-layout-1 wp-block-group-is-layout-flex\">\n<h1 class=\"wp-block-heading\"><strong>Nasza historia, misja i opinie<\/strong><\/h1>\n\n\n\n<div aria-hidden=\"true\" class=\"wp-block-spacer wp-container-content-1\"><\/div>\n\n\n<div class=\"addtoany_shortcode\"><div class=\"a2a_kit a2a_kit_size_32 addtoany_list\" data-a2a-url=\"https:\/\/helpee.com\/pl\/o-nas\/\" data-a2a-title=\"O nas\"><a class=\"a2a_dd addtoany_share_save addtoany_share\" href=\"https:\/\/www.addtoany.com\/share\"><img decoding=\"async\" src=\"http:\/\/helpee.com\/wp-content\/uploads\/2024\/04\/share-icon.png\" alt=\"Share\"><\/a><\/div><\/div>\n<\/div>\n\n\n\n<hr style=\"height:1px;\" class=\"wp-block-separator has-text-color has-quaternary-color has-alpha-channel-opacity has-quaternary-background-color has-background is-style-wide-thin-line\"\/>\n\n\n\n<div style=\"height:15px\" aria-hidden=\"true\" class=\"wp-block-spacer\"><\/div>\n\n\n\n<div style=\"height:10px\" aria-hidden=\"true\" class=\"wp-block-spacer\"><\/div>\n\n\n\n<div class=\"wp-block-group has-global-padding is-layout-constrained wp-container-core-group-is-layout-2 wp-block-group-is-layout-constrained\" style=\"padding-right:0;padding-left:0\">\n<p>Centrum Psychoterapii Helpee powsta\u0142o w 2016 roku. Pocz\u0105tkowo dzia\u0142ali\u015bmy jako Polskie Centrum Terapii w Wielkiej Brytanii z siedzib\u0105 w Birmingham z szerok\u0105 ofert\u0105 od fizjoterapii po psychoterapi\u0119 i skierowan\u0105 g\u0142ownie do polskiej spo\u0142eczno\u015bci w Wielkiej Brytanii a p\u00f3\u017aniej r\u00f3wnie\u017c rozszerzaj\u0105c nasze us\u0142ugi o terapi\u0119 online z ofert\u0105 skierowan\u0105 r\u00f3wnie\u017c do Polonii w innych krajach.<br><br><\/p>\n\n\n\n<p>Od pocz\u0105tku stawiali\u015bmy na jako\u015b\u0107 naszych us\u0142ug i podejmowali\u015bmy wsp\u00f3\u0142prac\u0119 tylko z dobrymi specjalistami co sprawi\u0142o, \u017ce zdobyli\u015bmy zaufanie wielu klient\u00f3w. Z czasem zacz\u0119li\u015bmy coraz bardziej specjalizowa\u0107 si\u0119 w kierunku psychoterapii i stawia\u0107 jeszcze bardziej na jako\u015b\u0107 us\u0142ug co zapocz\u0105tkowa\u0142o pomys\u0142em na stworzeniem miejsca, gdzie b\u0119dziemy oferowa\u0107 wy\u0142\u0105cznie pomoc dla os\u00f3b potrzebuj\u0105cych wsparcia psychologicznego oraz pragn\u0105cych polepszy\u0107 jako\u015b\u0107 swojego \u017cycia poprzez proces psychoterapii. Dodatkowo coraz cz\u0119\u015bciej zg\u0142asza\u0142y si\u0119 do nas osoby m\u00f3wi\u0105ce w innych j\u0119zykach. Bior\u0105c nasze wieloletnie do\u015bwiadczenie postanowili\u015bmy przeorganizowa\u0107 nasz\u0105 dzia\u0142alno\u015b\u0107 i tak powsta\u0142o Centrum Psychoterapii pod nazw\u0105 Helpee. <\/p>\n\n\n\n<p>Obecnie skupiamy si\u0119 g\u0142\u00f3wnie na promowaniu oraz wspieraniu psychoterapii oraz terapeut\u00f3w. W naszej ofercie znajdziecie Pa\u0144stwo wielu znakomitych terapeut\u00f3w, kt\u00f3rych z czystym sumieniem mo\u017cemy rekomendowa\u0107.<\/p>\n\n\n\n<p>Wsp\u00f3\u0142pracujemy z terapeutami, kt\u00f3rzy przyjmuj\u0105 w wielu miastach Wielkiej Brytanii mi\u0119dzy innymi:<br><br><\/p>\n\n\n\n<ul class=\"wp-block-list\">\n<li>Birmingham<\/li>\n\n\n\n<li>Londyn<\/li>\n\n\n\n<li>Gloucester<\/li>\n\n\n\n<li>Bath<\/li>\n\n\n\n<li>Edynburg<\/li>\n<\/ul>\n\n\n\n<p><br>Planujemy rozw\u00f3j i poszerzenie naszej oferty na inne miasta z ofert\u0105 face to face szczeg\u00f3lnie, \u017ce du\u017co os\u00f3b szuka w\u0142a\u015bnie takiej formy terapii. <\/p>\n<\/div>\n\n\n\n<div style=\"height:50px\" aria-hidden=\"true\" class=\"wp-block-spacer\"><\/div>\n\n\n\n<div class=\"wp-block-group has-global-padding is-layout-constrained wp-block-group-is-layout-constrained\">\n<h2 class=\"wp-block-heading\"><strong>Zaufanie od 2016 roku<\/strong><\/h2>\n\n\n\n<hr style=\"height:1px;\" class=\"wp-block-separator has-text-color has-quaternary-color has-alpha-channel-opacity has-quaternary-background-color has-background is-style-wide-thin-line\"\/>\n\n\n\n<div style=\"height:15px\" aria-hidden=\"true\" class=\"wp-block-spacer\"><\/div>\n\n\n\n<div style=\"height:10px\" aria-hidden=\"true\" class=\"wp-block-spacer\"><\/div>\n\n\n\n<div class=\"wp-block-group has-global-padding is-layout-constrained wp-container-core-group-is-layout-3 wp-block-group-is-layout-constrained\">\n<div class=\"wp-block-buttons is-content-justification-left is-nowrap is-layout-flex wp-container-core-buttons-is-layout-1 wp-block-buttons-is-layout-flex\" style=\"margin-top:0\">\n<div class=\"wp-block-button is-style-link-only\"><a class=\"wp-block-button__link has-primary-color has-text-color has-background has-text-align-center wp-element-button\" href=\"https:\/\/www.google.com\/maps\/place\/Helpee+-+Centrum+Psychoterapii\/@52.4767624,-1.9719133,17z\/data=!4m8!3m7!1s0x4870bd79dd47e249:0x1cf9160d3c0368f8!8m2!3d52.4767592!4d-1.9693384!9m1!1b1!16s%2Fg%2F11cnt7x8c9!5m1!1e1?entry=ttu\" style=\"background-color:#ffffff00;padding-top:0px;padding-right:0px;padding-bottom:0px;padding-left:0px\" target=\"_blank\" rel=\"noreferrer noopener\"><strong>Wszystkie opinie \u2192<\/strong><\/a><\/div>\n\n\n\n<div class=\"wp-block-button is-style-link-only\"><a class=\"wp-block-button__link has-primary-color has-text-color has-background wp-element-button\" href=\"https:\/\/g.page\/r\/CfhoAzwNFvkcEAE\/review\" style=\"background-color:#ffffff00;padding-top:0px;padding-right:0px;padding-bottom:0px;padding-left:0px\" target=\"_blank\" rel=\"noreferrer noopener\"><strong>Dodaj opini\u0119 \u2192<\/strong><\/a><\/div>\n<\/div>\n\n\n<pre class=\"ti-widget\" style=\"display: none\"><div class=\"ti-widget ti-goog ti-disable-font ti-show-rating-text ti-review-text-mode-readmore ti-text-align-left\" data-no-translation=\"true\" data-layout-id=\"5\" data-set-id=\"light-minimal\" data-pid=\"\" data-pager-autoplay-timeout=\"6\" data-review-target-width=\"275\" data-language=\"pl\" > <div class=\"ti-widget-container ti-col-4\"> <div class=\"ti-footer source-Google\"> <div class=\"ti-rating-text\"> <strong class=\"ti-rating ti-rating-large\"> Doskona\u0142a <\/strong> <\/div> <span class=\"ti-stars star-lg\"> <span class=\"ti-star f\"><\/span><span class=\"ti-star f\"><\/span><span class=\"ti-star f\"><\/span><span class=\"ti-star f\"><\/span><span class=\"ti-star f\"><\/span> <\/span> <div class=\"ti-rating-text\"> <span class=\"nowrap\">Na podstawie <strong>78 opinii<\/strong><\/span> <\/div> <div class=\"ti-large-logo\"> <div class=\"ti-v-center\"> <img loading=\"lazy\" decoding=\"async\" class=\"ti-logo-fb\" src=\"https:\/\/cdn.trustindex.io\/assets\/platform\/Google\/logo.svg\" width=\"150\" height=\"25\" alt=\"Google\" \/> <\/div> <\/div> <\/div> <div class=\"ti-reviews-container\"> <div class=\"ti-controls\"> <div class=\"ti-next\"><\/div> <div class=\"ti-prev\"><\/div> <\/div> <div class=\"ti-reviews-container-wrapper\">  <div data-empty=\"0\" class=\"ti-review-item source-Google\" > <div class=\"ti-inner\"> <div class=\"ti-review-header\"> <div class=\"ti-profile-img\"> <img decoding=\"async\" src=\"https:\/\/lh3.googleusercontent.com\/a\/ACg8ocJM3vQhtfzg6Rol8ZYORjMyOj8ymZ6a4VDEwkEipO6E2KpGmQ=s64-c-rp-mo-br100\" alt=\"Lukasz Hajdiuk\" \/> <\/div> <div class=\"ti-profile-details\"> <div class=\"ti-name\"> Lukasz Hajdiuk <\/div> <div class=\"ti-date\"><\/div> <\/div> <\/div> <span class=\"ti-stars\"><span class=\"ti-star f\"><\/span><span class=\"ti-star f\"><\/span><span class=\"ti-star f\"><\/span><span class=\"ti-star f\"><\/span><span class=\"ti-star f\"><\/span><\/span> <div class=\"ti-review-text-container ti-review-content\"><!-- R-CONTENT -->Polecam<!-- R-CONTENT --><\/div> <span class=\"ti-read-more\" data-container=\".ti-review-content\" data-collapse-text=\"Ukryj\" data-open-text=\"Czytaj wi\u0119cej\" ><\/span> <\/div> <\/div>  <div data-empty=\"1\" class=\"ti-review-item source-Google\" > <div class=\"ti-inner\"> <div class=\"ti-review-header\"> <div class=\"ti-profile-img\"> <img decoding=\"async\" src=\"https:\/\/lh3.googleusercontent.com\/a\/ACg8ocLY5ZNvuaC2xZ2tBG1tONm9AH4fTNNDZhXj29wjLoIF9YNn9w=s64-c-rp-mo-br100\" alt=\"Marta Lewandowska\" \/> <\/div> <div class=\"ti-profile-details\"> <div class=\"ti-name\"> Marta Lewandowska <\/div> <div class=\"ti-date\"><\/div> <\/div> <\/div> <span class=\"ti-stars\"><span class=\"ti-star f\"><\/span><span class=\"ti-star f\"><\/span><span class=\"ti-star f\"><\/span><span class=\"ti-star f\"><\/span><span class=\"ti-star f\"><\/span><\/span> <div class=\"ti-review-text-container ti-review-content\"><!-- R-CONTENT --><!-- R-CONTENT --><\/div> <span class=\"ti-read-more\" data-container=\".ti-review-content\" data-collapse-text=\"Ukryj\" data-open-text=\"Czytaj wi\u0119cej\" ><\/span> <\/div> <\/div>  <div data-empty=\"1\" class=\"ti-review-item source-Google\" > <div class=\"ti-inner\"> <div class=\"ti-review-header\"> <div class=\"ti-profile-img\"> <img decoding=\"async\" src=\"https:\/\/lh3.googleusercontent.com\/a\/ACg8ocKKb5tDJyFUUMaSC989awiAPKDQGJ1yPIHeexdeUXuHr2mSKg=s64-c-rp-mo-br100\" alt=\"Pawel J\" \/> <\/div> <div class=\"ti-profile-details\"> <div class=\"ti-name\"> Pawel J <\/div> <div class=\"ti-date\"><\/div> <\/div> <\/div> <span class=\"ti-stars\"><span class=\"ti-star f\"><\/span><span class=\"ti-star f\"><\/span><span class=\"ti-star f\"><\/span><span class=\"ti-star f\"><\/span><span class=\"ti-star f\"><\/span><\/span> <div class=\"ti-review-text-container ti-review-content\"><!-- R-CONTENT --><!-- R-CONTENT --><\/div> <span class=\"ti-read-more\" data-container=\".ti-review-content\" data-collapse-text=\"Ukryj\" data-open-text=\"Czytaj wi\u0119cej\" ><\/span> <\/div> <\/div>  <div data-empty=\"1\" class=\"ti-review-item source-Google\" > <div class=\"ti-inner\"> <div class=\"ti-review-header\"> <div class=\"ti-profile-img\"> <img decoding=\"async\" src=\"https:\/\/lh3.googleusercontent.com\/a\/ACg8ocKx7FnqhqI6JzXkfa53gQP_y15R7ucncR7S-ta1WL71_Vxt_A=s64-c-rp-mo-br100\" alt=\"Sebastian Marciniak\" \/> <\/div> <div class=\"ti-profile-details\"> <div class=\"ti-name\"> Sebastian Marciniak <\/div> <div class=\"ti-date\"><\/div> <\/div> <\/div> <span class=\"ti-stars\"><span class=\"ti-star f\"><\/span><span class=\"ti-star f\"><\/span><span class=\"ti-star f\"><\/span><span class=\"ti-star f\"><\/span><span class=\"ti-star f\"><\/span><\/span> <div class=\"ti-review-text-container ti-review-content\"><!-- R-CONTENT --><!-- R-CONTENT --><\/div> <span class=\"ti-read-more\" data-container=\".ti-review-content\" data-collapse-text=\"Ukryj\" data-open-text=\"Czytaj wi\u0119cej\" ><\/span> <\/div> <\/div>  <div data-empty=\"0\" class=\"ti-review-item source-Google\" > <div class=\"ti-inner\"> <div class=\"ti-review-header\"> <div class=\"ti-profile-img\"> <img decoding=\"async\" src=\"https:\/\/lh3.googleusercontent.com\/a-\/ALV-UjUzpajGGnz_-sfuDBAv816Xy5nGDU04y3aN85FlcMERR8pzEOCc=s64-c-rp-mo-br100\" alt=\"Adrian Horbowski\" \/> <\/div> <div class=\"ti-profile-details\"> <div class=\"ti-name\"> Adrian Horbowski <\/div> <div class=\"ti-date\"><\/div> <\/div> <\/div> <span class=\"ti-stars\"><span class=\"ti-star f\"><\/span><span class=\"ti-star f\"><\/span><span class=\"ti-star f\"><\/span><span class=\"ti-star f\"><\/span><span class=\"ti-star f\"><\/span><\/span> <div class=\"ti-review-text-container ti-review-content\"><!-- R-CONTENT -->Bardzo mili, pomocni terapeuci<!-- R-CONTENT --><\/div> <span class=\"ti-read-more\" data-container=\".ti-review-content\" data-collapse-text=\"Ukryj\" data-open-text=\"Czytaj wi\u0119cej\" ><\/span> <\/div> <\/div>  <div data-empty=\"0\" class=\"ti-review-item source-Google\" > <div class=\"ti-inner\"> <div class=\"ti-review-header\"> <div class=\"ti-profile-img\"> <img decoding=\"async\" src=\"https:\/\/lh3.googleusercontent.com\/a\/ACg8ocKD0oLj_LMvtKS6kRC0mQa8VR3wcOMkTWKXc99ssjU7nTSvpA=s64-c-rp-mo-br100\" alt=\"Malgorzata Zawada\" \/> <\/div> <div class=\"ti-profile-details\"> <div class=\"ti-name\"> Malgorzata Zawada <\/div> <div class=\"ti-date\"><\/div> <\/div> <\/div> <span class=\"ti-stars\"><span class=\"ti-star f\"><\/span><span class=\"ti-star f\"><\/span><span class=\"ti-star f\"><\/span><span class=\"ti-star f\"><\/span><span class=\"ti-star f\"><\/span><\/span> <div class=\"ti-review-text-container ti-review-content\"><!-- R-CONTENT -->Polecam serdecznie<!-- R-CONTENT --><\/div> <span class=\"ti-read-more\" data-container=\".ti-review-content\" data-collapse-text=\"Ukryj\" data-open-text=\"Czytaj wi\u0119cej\" ><\/span> <\/div> <\/div>  <div data-empty=\"0\" class=\"ti-review-item source-Google\" > <div class=\"ti-inner\"> <div class=\"ti-review-header\"> <div class=\"ti-profile-img\"> <img decoding=\"async\" src=\"https:\/\/lh3.googleusercontent.com\/a\/ACg8ocK41SsAyfPp8PRiPEWMxRLNhrEN_Qr6I9JgIdc6czFpqKD6qQ=s64-c-rp-mo-br100\" alt=\"Magda K\" \/> <\/div> <div class=\"ti-profile-details\"> <div class=\"ti-name\"> Magda K <\/div> <div class=\"ti-date\"><\/div> <\/div> <\/div> <span class=\"ti-stars\"><span class=\"ti-star f\"><\/span><span class=\"ti-star f\"><\/span><span class=\"ti-star f\"><\/span><span class=\"ti-star f\"><\/span><span class=\"ti-star f\"><\/span><\/span> <div class=\"ti-review-text-container ti-review-content\"><!-- R-CONTENT -->Goraco polecam<!-- R-CONTENT --><\/div> <span class=\"ti-read-more\" data-container=\".ti-review-content\" data-collapse-text=\"Ukryj\" data-open-text=\"Czytaj wi\u0119cej\" ><\/span> <\/div> <\/div>  <div data-empty=\"0\" class=\"ti-review-item source-Google\" > <div class=\"ti-inner\"> <div class=\"ti-review-header\"> <div class=\"ti-profile-img\"> <img decoding=\"async\" src=\"https:\/\/lh3.googleusercontent.com\/a-\/ALV-UjWWEddd1NCaIVfJSkgQk4BWA1uvH2xQ4zLaZo0EVlv_1vWdL6Ro=s64-c-rp-mo-ba2-br100\" alt=\"Ciaran McKeown\" \/> <\/div> <div class=\"ti-profile-details\"> <div class=\"ti-name\"> Ciaran McKeown <\/div> <div class=\"ti-date\"><\/div> <\/div> <\/div> <span class=\"ti-stars\"><span class=\"ti-star f\"><\/span><span class=\"ti-star f\"><\/span><span class=\"ti-star f\"><\/span><span class=\"ti-star f\"><\/span><span class=\"ti-star f\"><\/span><\/span> <div class=\"ti-review-text-container ti-review-content\"><!-- R-CONTENT -->Great service from Helpee. Karolina was a great therapist.<!-- R-CONTENT --><\/div> <span class=\"ti-read-more\" data-container=\".ti-review-content\" data-collapse-text=\"Ukryj\" data-open-text=\"Czytaj wi\u0119cej\" ><\/span> <\/div> <\/div>  <div data-empty=\"0\" class=\"ti-review-item source-Google\" > <div class=\"ti-inner\"> <div class=\"ti-review-header\"> <div class=\"ti-profile-img\"> <img decoding=\"async\" src=\"https:\/\/lh3.googleusercontent.com\/a-\/ALV-UjUAFs4Bjnoeci1lBVtKVMWM5Kq2ZfBo7gxUNa3brU_k7-dV5s0=s64-c-rp-mo-ba3-br100\" alt=\"miroslaw mierzwinski\" \/> <\/div> <div class=\"ti-profile-details\"> <div class=\"ti-name\"> miroslaw mierzwinski <\/div> <div class=\"ti-date\"><\/div> <\/div> <\/div> <span class=\"ti-stars\"><span class=\"ti-star f\"><\/span><span class=\"ti-star f\"><\/span><span class=\"ti-star f\"><\/span><span class=\"ti-star f\"><\/span><span class=\"ti-star f\"><\/span><\/span> <div class=\"ti-review-text-container ti-review-content\"><!-- R-CONTENT -->Profesjonalisci.Polecam<!-- R-CONTENT --><\/div> <span class=\"ti-read-more\" data-container=\".ti-review-content\" data-collapse-text=\"Ukryj\" data-open-text=\"Czytaj wi\u0119cej\" ><\/span> <\/div> <\/div>  <div data-empty=\"1\" class=\"ti-review-item source-Google\" > <div class=\"ti-inner\"> <div class=\"ti-review-header\"> <div class=\"ti-profile-img\"> <img decoding=\"async\" src=\"https:\/\/lh3.googleusercontent.com\/a\/ACg8ocL6qbDZgjAJXLGGgesOLEZ88NVOL9xAqeUoKTcUalSUisdlYA=s64-c-rp-mo-br100\" alt=\"Marcin Kita\" \/> <\/div> <div class=\"ti-profile-details\"> <div class=\"ti-name\"> Marcin Kita <\/div> <div class=\"ti-date\"><\/div> <\/div> <\/div> <span class=\"ti-stars\"><span class=\"ti-star f\"><\/span><span class=\"ti-star f\"><\/span><span class=\"ti-star f\"><\/span><span class=\"ti-star f\"><\/span><span class=\"ti-star f\"><\/span><\/span> <div class=\"ti-review-text-container ti-review-content\"><!-- R-CONTENT --><!-- R-CONTENT --><\/div> <span class=\"ti-read-more\" data-container=\".ti-review-content\" data-collapse-text=\"Ukryj\" data-open-text=\"Czytaj wi\u0119cej\" ><\/span> <\/div> <\/div>  <\/div> <div class=\"ti-controls-line\"> <div class=\"dot\"><\/div> <\/div>  <\/div> <\/div> <\/div> <\/pre>\n<\/div>\n\n\n\n<div style=\"height:20px\" aria-hidden=\"true\" class=\"wp-block-spacer\"><\/div>\n<\/div>\n","protected":false},"excerpt":{"rendered":"<p>Nasza historia, misja i opinie Centrum Psychoterapii Helpee powsta\u0142o w 2016 roku. Pocz\u0105tkowo dzia\u0142ali\u015bmy jako Polskie Centrum Terapii w Wielkiej Brytanii z siedzib\u0105 w Birmingham z szerok\u0105 ofert\u0105 od fizjoterapii po psychoterapi\u0119 i skierowan\u0105 g\u0142ownie do polskiej spo\u0142eczno\u015bci w Wielkiej Brytanii a p\u00f3\u017aniej r\u00f3wnie\u017c rozszerzaj\u0105c nasze us\u0142ugi o terapi\u0119 online z ofert\u0105 skierowan\u0105 r\u00f3wnie\u017c do [&hellip;]<\/p>\n","protected":false},"author":1,"featured_media":2533,"parent":0,"menu_order":0,"comment_status":"closed","ping_status":"closed","template":"","meta":{"footnotes":""},"class_list":["post-74","page","type-page","status-publish","has-post-thumbnail","hentry"],"yoast_head":"<!-- This site is optimized with the Yoast SEO plugin v23.9 - https:\/\/yoast.com\/wordpress\/plugins\/seo\/ -->\n<title>O nas - Helpee<\/title>\n<meta name=\"description\" content=\"W Helpee skupiamy si\u0119 na promowaniu psychoterapii i wspieraniu zdrowia psychicznego. Mamy wielu znakomitych terapeut\u00f3w - zobacz opinie Helpee\" \/>\n<meta name=\"robots\" content=\"index, follow, max-snippet:-1, max-image-preview:large, max-video-preview:-1\" \/>\n<link rel=\"canonical\" href=\"https:\/\/helpee.com\/pl\/o-nas\/\" \/>\n<meta property=\"og:locale\" content=\"pl_PL\" \/>\n<meta property=\"og:type\" content=\"article\" \/>\n<meta property=\"og:title\" content=\"O nas - Helpee\" \/>\n<meta property=\"og:description\" content=\"W Helpee skupiamy si\u0119 na promowaniu psychoterapii i wspieraniu zdrowia psychicznego. Mamy wielu znakomitych terapeut\u00f3w - zobacz opinie Helpee\" \/>\n<meta property=\"og:url\" content=\"https:\/\/helpee.com\/pl\/o-nas\/\" \/>\n<meta property=\"og:site_name\" content=\"Helpee\" \/>\n<meta property=\"article:modified_time\" content=\"2024-09-26T23:25:12+00:00\" \/>\n<meta property=\"og:image\" content=\"https:\/\/helpee.com\/wp-content\/uploads\/2024\/09\/helpee-ikona.png\" \/>\n\t<meta property=\"og:image:width\" content=\"256\" \/>\n\t<meta property=\"og:image:height\" content=\"256\" \/>\n\t<meta property=\"og:image:type\" content=\"image\/png\" \/>\n<meta name=\"twitter:card\" content=\"summary_large_image\" \/>\n<meta name=\"twitter:label1\" content=\"Szacowany czas czytania\" \/>\n\t<meta name=\"twitter:data1\" content=\"3 minuty\" \/>\n<script type=\"application\/ld+json\" class=\"yoast-schema-graph\">{\"@context\":\"https:\/\/schema.org\",\"@graph\":[{\"@type\":\"WebPage\",\"@id\":\"https:\/\/helpee.com\/pl\/o-nas\/\",\"url\":\"https:\/\/helpee.com\/pl\/o-nas\/\",\"name\":\"O nas - Helpee\",\"isPartOf\":{\"@id\":\"https:\/\/helpee.com\/pl\/#website\"},\"primaryImageOfPage\":{\"@id\":\"https:\/\/helpee.com\/pl\/o-nas\/#primaryimage\"},\"image\":{\"@id\":\"https:\/\/helpee.com\/pl\/o-nas\/#primaryimage\"},\"thumbnailUrl\":\"https:\/\/helpee.com\/wp-content\/uploads\/2024\/09\/helpee-vertical.png\",\"datePublished\":\"2024-03-14T00:40:07+00:00\",\"dateModified\":\"2024-09-26T23:25:12+00:00\",\"description\":\"W Helpee skupiamy si\u0119 na promowaniu psychoterapii i wspieraniu zdrowia psychicznego. Mamy wielu znakomitych terapeut\u00f3w - zobacz opinie Helpee\",\"breadcrumb\":{\"@id\":\"https:\/\/helpee.com\/pl\/o-nas\/#breadcrumb\"},\"inLanguage\":\"pl-PL\",\"potentialAction\":[{\"@type\":\"ReadAction\",\"target\":[\"https:\/\/helpee.com\/pl\/o-nas\/\"]}]},{\"@type\":\"ImageObject\",\"inLanguage\":\"pl-PL\",\"@id\":\"https:\/\/helpee.com\/pl\/o-nas\/#primaryimage\",\"url\":\"https:\/\/helpee.com\/wp-content\/uploads\/2024\/09\/helpee-vertical.png\",\"contentUrl\":\"https:\/\/helpee.com\/wp-content\/uploads\/2024\/09\/helpee-vertical.png\",\"width\":1200,\"height\":1200,\"caption\":\"Helpee - Centrum Psychoterapii (logo pionowe)\"},{\"@type\":\"BreadcrumbList\",\"@id\":\"https:\/\/helpee.com\/pl\/o-nas\/#breadcrumb\",\"itemListElement\":[{\"@type\":\"ListItem\",\"position\":1,\"name\":\"Strona g\u0142\u00f3wna\",\"item\":\"https:\/\/helpee.com\/pl\/\"},{\"@type\":\"ListItem\",\"position\":2,\"name\":\"O nas\"}]},{\"@type\":\"WebSite\",\"@id\":\"https:\/\/helpee.com\/pl\/#website\",\"url\":\"https:\/\/helpee.com\/pl\/\",\"name\":\"Helpee\",\"description\":\"Centrum Psychoterapii\",\"publisher\":{\"@id\":\"https:\/\/helpee.com\/pl\/#organization\"},\"potentialAction\":[{\"@type\":\"SearchAction\",\"target\":{\"@type\":\"EntryPoint\",\"urlTemplate\":\"https:\/\/helpee.com\/pl\/?s={search_term_string}\"},\"query-input\":{\"@type\":\"PropertyValueSpecification\",\"valueRequired\":true,\"valueName\":\"search_term_string\"}}],\"inLanguage\":\"pl-PL\"},{\"@type\":\"Organization\",\"@id\":\"https:\/\/helpee.com\/pl\/#organization\",\"name\":\"Helpee\",\"url\":\"https:\/\/helpee.com\/pl\/\",\"logo\":{\"@type\":\"ImageObject\",\"inLanguage\":\"pl-PL\",\"@id\":\"https:\/\/helpee.com\/pl\/#\/schema\/logo\/image\/\",\"url\":\"https:\/\/helpee.com\/wp-content\/uploads\/2024\/07\/helpee-logo.png\",\"contentUrl\":\"https:\/\/helpee.com\/wp-content\/uploads\/2024\/07\/helpee-logo.png\",\"width\":800,\"height\":260,\"caption\":\"Helpee\"},\"image\":{\"@id\":\"https:\/\/helpee.com\/pl\/#\/schema\/logo\/image\/\"}}]}<\/script>\n<!-- \/ Yoast SEO plugin. -->","yoast_head_json":{"title":"O nas - Helpee","description":"W Helpee skupiamy si\u0119 na promowaniu psychoterapii i wspieraniu zdrowia psychicznego. Mamy wielu znakomitych terapeut\u00f3w - zobacz opinie Helpee","robots":{"index":"index","follow":"follow","max-snippet":"max-snippet:-1","max-image-preview":"max-image-preview:large","max-video-preview":"max-video-preview:-1"},"canonical":"https:\/\/helpee.com\/pl\/o-nas\/","og_locale":"pl_PL","og_type":"article","og_title":"O nas - Helpee","og_description":"W Helpee skupiamy si\u0119 na promowaniu psychoterapii i wspieraniu zdrowia psychicznego. Mamy wielu znakomitych terapeut\u00f3w - zobacz opinie Helpee","og_url":"https:\/\/helpee.com\/pl\/o-nas\/","og_site_name":"Helpee","article_modified_time":"2024-09-26T23:25:12+00:00","og_image":[{"width":256,"height":256,"url":"https:\/\/helpee.com\/wp-content\/uploads\/2024\/09\/helpee-ikona.png","type":"image\/png"}],"twitter_card":"summary_large_image","twitter_misc":{"Szacowany czas czytania":"3 minuty"},"schema":{"@context":"https:\/\/schema.org","@graph":[{"@type":"WebPage","@id":"https:\/\/helpee.com\/pl\/o-nas\/","url":"https:\/\/helpee.com\/pl\/o-nas\/","name":"O nas - Helpee","isPartOf":{"@id":"https:\/\/helpee.com\/pl\/#website"},"primaryImageOfPage":{"@id":"https:\/\/helpee.com\/pl\/o-nas\/#primaryimage"},"image":{"@id":"https:\/\/helpee.com\/pl\/o-nas\/#primaryimage"},"thumbnailUrl":"https:\/\/helpee.com\/wp-content\/uploads\/2024\/09\/helpee-vertical.png","datePublished":"2024-03-14T00:40:07+00:00","dateModified":"2024-09-26T23:25:12+00:00","description":"W Helpee skupiamy si\u0119 na promowaniu psychoterapii i wspieraniu zdrowia psychicznego. Mamy wielu znakomitych terapeut\u00f3w - zobacz opinie Helpee","breadcrumb":{"@id":"https:\/\/helpee.com\/pl\/o-nas\/#breadcrumb"},"inLanguage":"pl-PL","potentialAction":[{"@type":"ReadAction","target":["https:\/\/helpee.com\/pl\/o-nas\/"]}]},{"@type":"ImageObject","inLanguage":"pl-PL","@id":"https:\/\/helpee.com\/pl\/o-nas\/#primaryimage","url":"https:\/\/helpee.com\/wp-content\/uploads\/2024\/09\/helpee-vertical.png","contentUrl":"https:\/\/helpee.com\/wp-content\/uploads\/2024\/09\/helpee-vertical.png","width":1200,"height":1200,"caption":"Helpee - Centrum Psychoterapii (logo pionowe)"},{"@type":"BreadcrumbList","@id":"https:\/\/helpee.com\/pl\/o-nas\/#breadcrumb","itemListElement":[{"@type":"ListItem","position":1,"name":"Strona g\u0142\u00f3wna","item":"https:\/\/helpee.com\/pl\/"},{"@type":"ListItem","position":2,"name":"O nas"}]},{"@type":"WebSite","@id":"https:\/\/helpee.com\/pl\/#website","url":"https:\/\/helpee.com\/pl\/","name":"Helpee","description":"Centrum Psychoterapii","publisher":{"@id":"https:\/\/helpee.com\/pl\/#organization"},"potentialAction":[{"@type":"SearchAction","target":{"@type":"EntryPoint","urlTemplate":"https:\/\/helpee.com\/pl\/?s={search_term_string}"},"query-input":{"@type":"PropertyValueSpecification","valueRequired":true,"valueName":"search_term_string"}}],"inLanguage":"pl-PL"},{"@type":"Organization","@id":"https:\/\/helpee.com\/pl\/#organization","name":"Helpee","url":"https:\/\/helpee.com\/pl\/","logo":{"@type":"ImageObject","inLanguage":"pl-PL","@id":"https:\/\/helpee.com\/pl\/#\/schema\/logo\/image\/","url":"https:\/\/helpee.com\/wp-content\/uploads\/2024\/07\/helpee-logo.png","contentUrl":"https:\/\/helpee.com\/wp-content\/uploads\/2024\/07\/helpee-logo.png","width":800,"height":260,"caption":"Helpee"},"image":{"@id":"https:\/\/helpee.com\/pl\/#\/schema\/logo\/image\/"}}]}},"_links":{"self":[{"href":"https:\/\/helpee.com\/pl\/wp-json\/wp\/v2\/pages\/74"}],"collection":[{"href":"https:\/\/helpee.com\/pl\/wp-json\/wp\/v2\/pages"}],"about":[{"href":"https:\/\/helpee.com\/pl\/wp-json\/wp\/v2\/types\/page"}],"author":[{"embeddable":true,"href":"https:\/\/helpee.com\/pl\/wp-json\/wp\/v2\/users\/1"}],"replies":[{"embeddable":true,"href":"https:\/\/helpee.com\/pl\/wp-json\/wp\/v2\/comments?post=74"}],"version-history":[{"count":49,"href":"https:\/\/helpee.com\/pl\/wp-json\/wp\/v2\/pages\/74\/revisions"}],"predecessor-version":[{"id":3250,"href":"https:\/\/helpee.com\/pl\/wp-json\/wp\/v2\/pages\/74\/revisions\/3250"}],"wp:featuredmedia":[{"embeddable":true,"href":"https:\/\/helpee.com\/pl\/wp-json\/wp\/v2\/media\/2533"}],"wp:attachment":[{"href":"https:\/\/helpee.com\/pl\/wp-json\/wp\/v2\/media?parent=74"}],"curies":[{"name":"wp","href":"https:\/\/api.w.org\/{rel}","templated":true}]}}